{"id":367,"date":"2022-02-04T18:16:45","date_gmt":"2022-02-04T17:16:45","guid":{"rendered":"https:\/\/www.medinow.it\/?page_id=367"},"modified":"2025-06-12T13:40:20","modified_gmt":"2025-06-12T11:40:20","slug":"367-2","status":"publish","type":"page","link":"https:\/\/www.medinow.it\/","title":{"rendered":""},"content":{"rendered":"\n<p><\/p>\n\n\n\n<div class=\"wp-block-kioken-rowlayout alignnone bust-out-none custom-topmargin ext-max-width\" style=\"max-width:1200px;margin-top:-190px\"><div id=\"kt-layout-id_c430a7-1b\" class=\"kio-row-layout-inner kt-row-has-bg kt-layout-id_c430a7-1b\" style=\"background-color:#edeef0\"><div class=\"kt-row-column-wrap kt-has-2-columns kt-gutter-default kt-row-valign-top kio-row-layout-equal kt-tab-layout-inherit kt-m-colapse-left-to-right kt-mobile-layout-row\">\n\n<div class=\"wp-block-kioken-column inner-column-1 kioken-column_29018e-68\"><div class=\"kt-inside-inner-col\" style=\"background-blend-mode:normal\"><div>\n\n<figure class=\"wp-block-image size-large is-resized\"><img loading=\"lazy\" decoding=\"async\" src=\"https:\/\/www.medinow.it\/wp-content\/uploads\/2022\/02\/logo_medinow_ridim2-1024x142.png\" alt=\"\" class=\"wp-image-534\" width=\"1197\" height=\"166\" srcset=\"https:\/\/www.medinow.it\/wp-content\/uploads\/2022\/02\/logo_medinow_ridim2-1024x142.png 1024w, https:\/\/www.medinow.it\/wp-content\/uploads\/2022\/02\/logo_medinow_ridim2-300x42.png 300w, https:\/\/www.medinow.it\/wp-content\/uploads\/2022\/02\/logo_medinow_ridim2-768x106.png 768w, https:\/\/www.medinow.it\/wp-content\/uploads\/2022\/02\/logo_medinow_ridim2-1536x213.png 1536w, https:\/\/www.medinow.it\/wp-content\/uploads\/2022\/02\/logo_medinow_ridim2-2048x284.png 2048w, https:\/\/www.medinow.it\/wp-content\/uploads\/2022\/02\/logo_medinow_ridim2-1568x217.png 1568w\" sizes=\"auto, (max-width: 1197px) 100vw, 1197px\" \/><\/figure>\n\n<\/div><\/div><\/div>\n\n<\/div><\/div><\/div>\n\n\n\n<div class=\"wp-block-kioken-rowlayout alignnone bust-out-none custom-topmargin ext-max-width\" style=\"max-width:1200px;margin-top:-45px\"><div id=\"kt-layout-id_4534b6-08\" class=\"kio-row-layout-inner  kt-layout-id_4534b6-08\"><div class=\"kt-row-column-wrap kt-has-2-columns kt-gutter-custom kt-row-valign-top kio-row-layout-center-half kt-tab-layout-inherit kt-m-colapse-left-to-right kt-mobile-layout-row\">\n\n<div class=\"wp-block-kioken-column inner-column-1 kioken-column_d65f49-b5\"><div class=\"kt-inside-inner-col\" style=\"background-blend-mode:normal\"><div>\n\n<h2 class=\"has-primary-background-color has-text-color has-background has-custom-size has-custom-font has-custom-weight wp-block-heading\" id=\"il-servizio-per-prenotare-in-modo-veloce-visite-ed-esami-nelle-strutture-sanitarie-private\" style=\"color:#5cbcae;font-family:Arial;font-weight:bold;font-size:30px\">Il servizio per prenotare in modo veloce visite ed esami nelle strutture sanitarie private<\/h2>\n\n<\/div><\/div><\/div>\n\n\n<div class=\"wp-block-kioken-column inner-column-2 kioken-column_e79ef8-e4 align-self-stretch\" style=\"background-color:#6e6f73\"><div class=\"kt-inside-inner-col has-background\" style=\"background-blend-mode:normal;background-color:#6e6f73\"><div>\n\n<div style=\"height:79px\" aria-hidden=\"true\" class=\"wp-block-spacer\"><\/div>\n\n<div class=\"wp-block-image\">\n<figure class=\"aligncenter size-large\"><img loading=\"lazy\" decoding=\"async\" width=\"1024\" height=\"616\" src=\"https:\/\/www.medinow.it\/wp-content\/uploads\/2022\/02\/FOTO-CON-TESTI-HP-MEDINOW-1024x616.jpg\" alt=\"\" class=\"wp-image-398\" srcset=\"https:\/\/www.medinow.it\/wp-content\/uploads\/2022\/02\/FOTO-CON-TESTI-HP-MEDINOW-1024x616.jpg 1024w, https:\/\/www.medinow.it\/wp-content\/uploads\/2022\/02\/FOTO-CON-TESTI-HP-MEDINOW-300x180.jpg 300w, https:\/\/www.medinow.it\/wp-content\/uploads\/2022\/02\/FOTO-CON-TESTI-HP-MEDINOW-768x462.jpg 768w, https:\/\/www.medinow.it\/wp-content\/uploads\/2022\/02\/FOTO-CON-TESTI-HP-MEDINOW-1536x924.jpg 1536w, https:\/\/www.medinow.it\/wp-content\/uploads\/2022\/02\/FOTO-CON-TESTI-HP-MEDINOW-1568x943.jpg 1568w, https:\/\/www.medinow.it\/wp-content\/uploads\/2022\/02\/FOTO-CON-TESTI-HP-MEDINOW.jpg 1825w\" sizes=\"auto, (max-width: 1024px) 100vw, 1024px\" \/><\/figure>\n<\/div>\n<\/div><\/div><\/div>\n\n\n<div class=\"wp-block-kioken-column inner-column-3 kioken-column_60f5f3-b1 align-self-stretch\" style=\"background-color:#000000\"><div class=\"kt-inside-inner-col has-background has-text-color\" style=\"color:#000000;background-blend-mode:normal;background-color:#000000\"><div>\n\n<div style=\"height:52px\" aria-hidden=\"true\" class=\"wp-block-spacer\"><\/div>\n\n\n<figure class=\"wp-block-image size-full\"><img loading=\"lazy\" decoding=\"async\" width=\"601\" height=\"178\" src=\"https:\/\/www.medinow.it\/wp-content\/uploads\/2022\/02\/numero_sfondo_nero.png\" alt=\"\" class=\"wp-image-399\" srcset=\"https:\/\/www.medinow.it\/wp-content\/uploads\/2022\/02\/numero_sfondo_nero.png 601w, https:\/\/www.medinow.it\/wp-content\/uploads\/2022\/02\/numero_sfondo_nero-300x89.png 300w\" sizes=\"auto, (max-width: 601px) 100vw, 601px\" \/><\/figure>\n\n\n<h2 class=\"alignwide has-text-align-center has-text-color has-custom-size has-custom-font has-custom-weight wp-block-heading\" id=\"il-numero-facile-da-ricordare-per-prenotare-nel-modo-piu-semplice\" style=\"color:#ecd674;font-family:Arial;font-weight:bold;font-size:36px\">il numero facile da ricordare per prenotare nel modo pi\u00f9 semplice!<\/h2>\n\n\n<h2 class=\"wp-block-heading\"><\/h2>\n\n<\/div><\/div><\/div>\n\n<\/div><\/div><\/div>\n\n\n\n<div class=\"wp-block-kioken-rowlayout alignnone bust-out-none custom-topmargin ext-max-width\" style=\"max-width:1200px;margin-top:-70px\"><div id=\"kt-layout-id_1551f2-62\" class=\"kio-row-layout-inner  kt-layout-id_1551f2-62\"><div class=\"kt-row-column-wrap kt-has-2-columns kt-gutter-custom kt-row-valign-top kio-row-layout-equal kt-tab-layout-inherit kt-m-colapse-right-to-left kt-mobile-layout-row\">\n\n<div class=\"wp-block-kioken-column inner-column-1 kioken-column_b943a0-ca align-self-stretch\" style=\"background-color:#000000\"><div class=\"kt-inside-inner-col has-background has-text-color\" style=\"color:#FFFFFF;background-blend-mode:normal;background-color:#000000\"><div>\n\n<h2 class=\"has-text-align-center has-custom-size has-custom-font has-custom-weight wp-block-heading\" id=\"un-servizio-disponibile-anche-su-app\" style=\"font-family:Arial;font-weight:bold;font-size:45px\">senza lunghe attese telefoniche<\/h2>\n\n<\/div><\/div><\/div>\n\n\n<div class=\"wp-block-kioken-column inner-column-2 kioken-column_48f0ee-34 align-self-stretch\" style=\"background-color:#6e6f73\"><div class=\"kt-inside-inner-col has-background\" style=\"background-blend-mode:normal;background-color:#6e6f73\"><div>\n\n<h2 class=\"has-text-align-center has-custom-size has-custom-font has-custom-weight wp-block-heading\" id=\"prenotazioni-esami-e-visite-in-tempi-brevi\" style=\"font-family:Arial;font-weight:bold;font-size:45px\">prenotazioni esami e visite in tempi brevi<\/h2>\n\n<\/div><\/div><\/div>\n\n\n<div class=\"wp-block-kioken-column inner-column-3 kioken-column_a55c69-07 align-self-stretch\" style=\"background-color:#c8c9cb\"><div class=\"kt-inside-inner-col has-background\" style=\"background-blend-mode:normal;background-color:#c8c9cb\"><div>\n\n<h2 class=\"has-text-align-center has-background-color has-text-color has-custom-size has-custom-font has-custom-weight wp-block-heading\" id=\"un-servizio-disponibile-anche-su-app\" style=\"font-family:Arial;font-weight:bold;font-size:45px\">un servizio disponibile anche su App<\/h2>\n\n<\/div><\/div><\/div>\n\n\n<div class=\"wp-block-kioken-column inner-column-4 kioken-column_411b44-cb align-self-stretch\" style=\"background-color:#edeef0\"><div class=\"kt-inside-inner-col has-background\" style=\"background-blend-mode:normal;background-color:#edeef0\"><div>\n\n<h2 class=\"has-text-align-center has-custom-size has-custom-font has-custom-weight wp-block-heading\" id=\"piu-facile-piu-veloce-piu-comodo\" style=\"font-family:Arial;font-weight:bold;font-size:45px\">pi\u00f9 facile pi\u00f9 veloce pi\u00f9 comodo<\/h2>\n\n<\/div><\/div><\/div>\n\n<\/div><\/div><\/div>\n\n\n\n<p><\/p>\n\n\n\n<div class=\"wp-block-kioken-rowlayout alignnone bust-out-none custom-topmargin ext-max-width\" style=\"max-width:1200px;margin-top:-45px\"><div id=\"kt-layout-id_bab63a-93\" class=\"kio-row-layout-inner kt-row-has-bg kt-layout-id_bab63a-93\" style=\"background-color:#c8c9cb\"><div class=\"kt-row-column-wrap kt-has-2-columns kt-gutter-default kt-row-valign-top kio-row-layout-equal kt-tab-layout-inherit kt-m-colapse-left-to-right kt-mobile-layout-row kt-custom-first-width-75\">\n<div class=\"wp-block-kioken-column inner-column-1 kioken-column_b7f842-c3\" style=\"background-color:rgba(92, 189, 174, 0)\"><div class=\"kt-inside-inner-col has-background\" style=\"background-blend-mode:normal;background-color:rgba(92, 189, 174, 0)\"><div>\n<figure class=\"wp-block-image size-large\"><img loading=\"lazy\" decoding=\"async\" width=\"1024\" height=\"274\" src=\"https:\/\/www.medinow.it\/wp-content\/uploads\/2022\/02\/citta_dove-1024x274.jpg\" alt=\"Milano-Roma-Torino\" class=\"wp-image-528\" srcset=\"https:\/\/www.medinow.it\/wp-content\/uploads\/2022\/02\/citta_dove-1024x274.jpg 1024w, https:\/\/www.medinow.it\/wp-content\/uploads\/2022\/02\/citta_dove-300x80.jpg 300w, https:\/\/www.medinow.it\/wp-content\/uploads\/2022\/02\/citta_dove-768x206.jpg 768w, https:\/\/www.medinow.it\/wp-content\/uploads\/2022\/02\/citta_dove-1536x411.jpg 1536w, https:\/\/www.medinow.it\/wp-content\/uploads\/2022\/02\/citta_dove-2048x549.jpg 2048w, https:\/\/www.medinow.it\/wp-content\/uploads\/2022\/02\/citta_dove-1568x420.jpg 1568w\" sizes=\"auto, (max-width: 1024px) 100vw, 1024px\" \/><\/figure>\n<\/div><\/div><\/div>\n<div class=\"wp-block-kioken-column inner-column-2 kioken-column_b62d25-9a align-self-stretch kioken-d-sm-none\" style=\"background-color:rgba(202, 203, 204, 0)\"><div class=\"kt-inside-inner-col has-background\" style=\"background-blend-mode:normal;background-color:rgba(202, 203, 204, 0)\"><div>\n<a href=\"tel:+390308090\"><img decoding=\"async\" src=\"https:\/\/www.medinow.it\/wp-content\/uploads\/2022\/01\/bottone_trasp_200x196-1.png\" alt=\"Chiama\"><\/a>\n<\/div><\/div><\/div>\n<\/div><\/div><\/div>\n","protected":false},"excerpt":{"rendered":"","protected":false},"author":1,"featured_media":0,"parent":0,"menu_order":0,"comment_status":"closed","ping_status":"closed","template":"","meta":{"kk_blocks_editor_width":"","_kiokenblocks_attr":"","_kiokenblocks_dimensions":"","footnotes":""},"class_list":["post-367","page","type-page","status-publish","hentry","entry"],"_links":{"self":[{"href":"https:\/\/www.medinow.it\/index.php?rest_route=\/wp\/v2\/pages\/367","targetHints":{"allow":["GET"]}}],"collection":[{"href":"https:\/\/www.medinow.it\/index.php?rest_route=\/wp\/v2\/pages"}],"about":[{"href":"https:\/\/www.medinow.it\/index.php?rest_route=\/wp\/v2\/types\/page"}],"author":[{"embeddable":true,"href":"https:\/\/www.medinow.it\/index.php?rest_route=\/wp\/v2\/users\/1"}],"replies":[{"embeddable":true,"href":"https:\/\/www.medinow.it\/index.php?rest_route=%2Fwp%2Fv2%2Fcomments&post=367"}],"version-history":[{"count":139,"href":"https:\/\/www.medinow.it\/index.php?rest_route=\/wp\/v2\/pages\/367\/revisions"}],"predecessor-version":[{"id":827,"href":"https:\/\/www.medinow.it\/index.php?rest_route=\/wp\/v2\/pages\/367\/revisions\/827"}],"wp:attachment":[{"href":"https:\/\/www.medinow.it\/index.php?rest_route=%2Fwp%2Fv2%2Fmedia&parent=367"}],"curies":[{"name":"wp","href":"https:\/\/api.w.org\/{rel}","templated":true}]}}